{"id":2,"date":"2023-12-15T15:53:11","date_gmt":"2023-12-15T15:53:11","guid":{"rendered":"https:\/\/asvoe-champion.at\/?page_id=2"},"modified":"2026-04-16T18:21:34","modified_gmt":"2026-04-16T18:21:34","slug":"ski-champion","status":"publish","type":"page","link":"https:\/\/asvoe-champion.at\/index.php\/ski-champion\/","title":{"rendered":"Ski Champion"},"content":{"rendered":"\t\t<div data-elementor-type=\"wp-page\" data-elementor-id=\"2\" class=\"elementor elementor-2\">\n\t\t\t\t<div class=\"elementor-element elementor-element-eab2eab e-flex e-con-boxed e-con e-parent\" data-id=\"eab2eab\" data-element_type=\"container\" data-e-type=\"container\">\n\t\t\t\t\t<div class=\"e-con-inner\">\n\t\t\t\t<div class=\"elementor-element elementor-element-026d524 elementor-widget elementor-widget-image\" data-id=\"026d524\" data-element_type=\"widget\" data-e-type=\"widget\" data-widget_type=\"image.default\">\n\t\t\t\t<div class=\"elementor-widget-container\">\n\t\t\t\t\t\t\t\t\t\t\t\t\t\t\t<img fetchpriority=\"high\" decoding=\"async\" width=\"1024\" height=\"728\" src=\"https:\/\/asvoe-champion.at\/wp-content\/uploads\/2025\/01\/IMG_3504-1024x728.jpg\" class=\"attachment-large size-large wp-image-601\" alt=\"\" srcset=\"https:\/\/asvoe-champion.at\/wp-content\/uploads\/2025\/01\/IMG_3504-1024x728.jpg 1024w, https:\/\/asvoe-champion.at\/wp-content\/uploads\/2025\/01\/IMG_3504-300x213.jpg 300w, https:\/\/asvoe-champion.at\/wp-content\/uploads\/2025\/01\/IMG_3504-768x546.jpg 768w, https:\/\/asvoe-champion.at\/wp-content\/uploads\/2025\/01\/IMG_3504-1536x1092.jpg 1536w, https:\/\/asvoe-champion.at\/wp-content\/uploads\/2025\/01\/IMG_3504-2048x1457.jpg 2048w\" sizes=\"(max-width: 1024px) 100vw, 1024px\" \/>\t\t\t\t\t\t\t\t\t\t\t\t\t\t\t<\/div>\n\t\t\t\t<\/div>\n\t\t\t\t\t<\/div>\n\t\t\t\t<\/div>\n\t\t<div class=\"elementor-element elementor-element-9fbc55e e-flex e-con-boxed e-con e-parent\" data-id=\"9fbc55e\" data-element_type=\"container\" data-e-type=\"container\">\n\t\t\t\t\t<div class=\"e-con-inner\">\n\t\t\t\t<div class=\"elementor-element elementor-element-e6a94b4 elementor-widget__width-initial elementor-widget elementor-widget-text-editor\" data-id=\"e6a94b4\" data-element_type=\"widget\" data-e-type=\"widget\" data-widget_type=\"text-editor.default\">\n\t\t\t\t<div class=\"elementor-widget-container\">\n\t\t\t\t\t\t\t\t\t<h1>ASV\u00d6 Ski Champion\u00a0<\/h1><div><p>Am 21.Februar 2026 war es wieder soweit und der Ski Champion ging mit knapp 80 Kindern in die n\u00e4chste Runde! Im Skigebiet Werfenweng konnten Kids der Jahrg\u00e4nge 2014 bis 2020 erneut ihr Bestes geben!<\/p><p>W\u00e4hrend bei vielen Wettbewerben und Rennen die schnellste Zeit das wichtigste Ziel ist, geht es beim Ski Champion um den Spa\u00df am Skifahren ohne Platzierungen. Junge Skibegeisterte k\u00f6nnen dabei an diesem Tag bei einem Riesentorlauf ihr K\u00f6nnen zeigen und ihr pers\u00f6nlich Bestes geben. Dabei wird die Zeit zwar gemessen, allerdings gibt es keine ausgewiesenen Platzierungen.<\/p><p><span data-contrast=\"auto\">Der Veranstaltungstag beginnt mit einem gemeinsamen Aufw\u00e4rmprogramm unter der Leitung von Trainer:innen des ASV\u00d6 Salzburg und des Skiclubs Hallein. Ebenso begleitet wird dies von ASV\u00d6 Maskottchen FILU.\u00a0 <\/span><span data-ccp-props=\"{}\">\u00a0<\/span><\/p><p><span data-contrast=\"auto\">Anschlie\u00dfend haben die Kinder die M\u00f6glichkeit, sich bei einem Training vor dem Rennen optimal vorzubereiten: Hier werden Fahrtechnik, das Fahren im Parallelbewerb sowie die letzten Tricks und Kniffe ge\u00fcbt. Auch ein Fun-Parcours l\u00e4dt dazu ein, das eigene K\u00f6nnen spielerisch unter Beweis zu stellen. Unterst\u00fctzt werden die jungen Skifahrer:innen dabei von erfahrenen Trainer:innen, die nicht nur wertvolle Tipps geben, sondern vor allem auch den Spa\u00df am Rennlauf in den Vordergrund stellen.\u00a0\u00a0<\/span><span data-ccp-props=\"{}\">\u00a0<\/span><\/p><p>Danach startet das Rennen in den jeweiligen Altersklassen. Zum Abschluss des Renntages wird es als besonderes Highlight eine Verlosung von tollen Sachpreisen (Atomic, Fischer, K\u00e4stle und co.) unter allen Teilnehmer:innen geben\u2013 Mitmachen lohnt sich also doppelt!<\/p><p style=\"--tw-border-spacing-x: 0; --tw-border-spacing-y: 0; --tw-translate-x: 0; --tw-translate-y: 0; --tw-rotate: 0; --tw-skew-x: 0; --tw-skew-y: 0; --tw-scale-x: 1; --tw-scale-y: 1; --tw-scroll-snap-strictness: proximity; --tw-ring-offset-width: 0px; --tw-ring-offset-color: #fff; --tw-ring-color: rgba(59,130,246,.5); --tw-ring-offset-shadow: 0 0 #0000; --tw-ring-shadow: 0 0 #0000; --tw-shadow: 0 0 #0000; --tw-shadow-colored: 0 0 #0000; font-variant-ligatures: normal; font-variant-caps: normal; font-family: Roboto, sans-serif; font-size: 14px; font-style: normal; font-weight: 400;\"><span class=\"TextRun SCXW203272894 BCX4\" lang=\"DE-AT\" xml:lang=\"DE-AT\" data-contrast=\"auto\"><span class=\"NormalTextRun SCXW203272894 BCX4\">Gemeinsam mit dem Skiclub Hallein wurde der ASV\u00d6 Ski-Champion 2026 organisiert und durchgef\u00fchrt. <\/span><\/span>Er soll Kindern in Salzburg die Freude am Skifahren n\u00e4herbringen und ihnen abseits der professionellen Rennen den Spa\u00df am Wettbewerb bewahren.<\/p><p style=\"--tw-border-spacing-x: 0; --tw-border-spacing-y: 0; --tw-translate-x: 0; --tw-translate-y: 0; --tw-rotate: 0; --tw-skew-x: 0; --tw-skew-y: 0; --tw-scale-x: 1; --tw-scale-y: 1; --tw-scroll-snap-strictness: proximity; --tw-ring-offset-width: 0px; --tw-ring-offset-color: #fff; --tw-ring-color: rgba(59,130,246,.5); --tw-ring-offset-shadow: 0 0 #0000; --tw-ring-shadow: 0 0 #0000; --tw-shadow: 0 0 #0000; --tw-shadow-colored: 0 0 #0000; font-variant-ligatures: normal; font-variant-caps: normal; font-family: Roboto, sans-serif; font-size: 14px; font-style: normal; font-weight: 400;\">Beim Bewerb sind <strong>keine Rennanz\u00fcge<\/strong> erlaubt, gefahren wird im normalen Skianzug, ausschlie\u00dflich mit <strong>Helm <\/strong>und bestenfalls auch mit einem<strong> R\u00fcckenprotektor.<\/strong><\/p><p>Die Anmeldung zum Ski Champion in Werfenweng lief bis Donnerstag 19.2, 12:00. Anschlie\u00dfend war eine Nachnennung per Mail (sophie.eidenhammer[at]asvoe.at) oder am Veranstaltungstag direkt vor Ort m\u00f6glich.<\/p><\/div>\t\t\t\t\t\t\t\t<\/div>\n\t\t\t\t<\/div>\n\t\t<div class=\"elementor-element elementor-element-0e121fb e-con-full e-flex e-con e-child\" data-id=\"0e121fb\" data-element_type=\"container\" data-e-type=\"container\">\n\t\t\t\t<div class=\"elementor-element elementor-element-11d8add elementor-widget elementor-widget-text-editor\" data-id=\"11d8add\" data-element_type=\"widget\" data-e-type=\"widget\" data-widget_type=\"text-editor.default\">\n\t\t\t\t<div class=\"elementor-widget-container\">\n\t\t\t\t\t\t\t\t\t<h2>Facts:<\/h2><p>Jahrg\u00e4nge 2014-2020<\/p><p>Nenngeb\u00fchr: 7\u20ac<\/p><p>Sonder-Lifkartenpreis (Kinder &#8211; 3H): 17\u20ac<\/p><p>Voraussetzung f\u00fcr die Teilnahme: selbstst\u00e4ndiges Liftfahren, Bogen fahren, eigenst\u00e4ndiges Abbremsen.<\/p>\t\t\t\t\t\t\t\t<\/div>\n\t\t\t\t<\/div>\n\t\t\t\t<div class=\"elementor-element elementor-element-bb52873 elementor-align-center elementor-widget elementor-widget-button\" data-id=\"bb52873\" data-element_type=\"widget\" data-e-type=\"widget\" data-widget_type=\"button.default\">\n\t\t\t\t<div class=\"elementor-widget-container\">\n\t\t\t\t\t\t\t\t\t<div class=\"elementor-button-wrapper\">\n\t\t\t\t\t<a class=\"elementor-button elementor-button-link elementor-size-sm\" href=\"https:\/\/uawg.online\/asvoesbg\/asvoe-ski-champion-werfenweng\" target=\"_blank\">\n\t\t\t\t\t\t<span class=\"elementor-button-content-wrapper\">\n\t\t\t\t\t\t\t\t\t<span class=\"elementor-button-text\">Zur Anmeldung<\/span>\n\t\t\t\t\t<\/span>\n\t\t\t\t\t<\/a>\n\t\t\t\t<\/div>\n\t\t\t\t\t\t\t\t<\/div>\n\t\t\t\t<\/div>\n\t\t\t\t<div class=\"elementor-element elementor-element-e4eb10a e-transform elementor-widget elementor-widget-image\" data-id=\"e4eb10a\" data-element_type=\"widget\" data-e-type=\"widget\" data-settings=\"{&quot;_transform_scaleX_effect&quot;:{&quot;unit&quot;:&quot;px&quot;,&quot;size&quot;:&quot;&quot;,&quot;sizes&quot;:[]},&quot;_transform_scaleX_effect_tablet&quot;:{&quot;unit&quot;:&quot;px&quot;,&quot;size&quot;:&quot;&quot;,&quot;sizes&quot;:[]},&quot;_transform_scaleX_effect_mobile&quot;:{&quot;unit&quot;:&quot;px&quot;,&quot;size&quot;:&quot;&quot;,&quot;sizes&quot;:[]},&quot;_transform_scaleY_effect&quot;:{&quot;unit&quot;:&quot;px&quot;,&quot;size&quot;:&quot;&quot;,&quot;sizes&quot;:[]},&quot;_transform_scaleY_effect_tablet&quot;:{&quot;unit&quot;:&quot;px&quot;,&quot;size&quot;:&quot;&quot;,&quot;sizes&quot;:[]},&quot;_transform_scaleY_effect_mobile&quot;:{&quot;unit&quot;:&quot;px&quot;,&quot;size&quot;:&quot;&quot;,&quot;sizes&quot;:[]}}\" data-widget_type=\"image.default\">\n\t\t\t\t<div class=\"elementor-widget-container\">\n\t\t\t\t\t\t\t\t\t\t\t\t\t\t\t<img decoding=\"async\" width=\"725\" height=\"1024\" src=\"https:\/\/asvoe-champion.at\/wp-content\/uploads\/2026\/01\/Druck-A5-Flyer-Werfenweng-725x1024.png\" class=\"elementor-animation-grow attachment-large size-large wp-image-725\" alt=\"\" srcset=\"https:\/\/asvoe-champion.at\/wp-content\/uploads\/2026\/01\/Druck-A5-Flyer-Werfenweng-725x1024.png 725w, https:\/\/asvoe-champion.at\/wp-content\/uploads\/2026\/01\/Druck-A5-Flyer-Werfenweng-212x300.png 212w, https:\/\/asvoe-champion.at\/wp-content\/uploads\/2026\/01\/Druck-A5-Flyer-Werfenweng-768x1085.png 768w, https:\/\/asvoe-champion.at\/wp-content\/uploads\/2026\/01\/Druck-A5-Flyer-Werfenweng.png 850w\" sizes=\"(max-width: 725px) 100vw, 725px\" \/>\t\t\t\t\t\t\t\t\t\t\t\t\t\t\t<\/div>\n\t\t\t\t<\/div>\n\t\t\t\t<div class=\"elementor-element elementor-element-e8c2a83 elementor-widget elementor-widget-button\" data-id=\"e8c2a83\" data-element_type=\"widget\" data-e-type=\"widget\" data-widget_type=\"button.default\">\n\t\t\t\t<div class=\"elementor-widget-container\">\n\t\t\t\t\t\t\t\t\t<div class=\"elementor-button-wrapper\">\n\t\t\t\t\t<a class=\"elementor-button elementor-button-link elementor-size-sm\" href=\"https:\/\/asvoe-champion.at\/wp-content\/uploads\/2026\/01\/Ausschreibung-Werfenweng-2026-12.pdf\">\n\t\t\t\t\t\t<span class=\"elementor-button-content-wrapper\">\n\t\t\t\t\t\t\t\t\t<span class=\"elementor-button-text\">Info &amp; Ausschreibung<\/span>\n\t\t\t\t\t<\/span>\n\t\t\t\t\t<\/a>\n\t\t\t\t<\/div>\n\t\t\t\t\t\t\t\t<\/div>\n\t\t\t\t<\/div>\n\t\t\t\t<\/div>\n\t\t\t\t\t<\/div>\n\t\t\t\t<\/div>\n\t\t<div class=\"elementor-element elementor-element-ace1b61 e-flex e-con-boxed e-con e-parent\" data-id=\"ace1b61\" data-element_type=\"container\" data-e-type=\"container\">\n\t\t\t\t\t<div class=\"e-con-inner\">\n\t\t\t\t<div class=\"elementor-element elementor-element-26cbe76 elementor-widget elementor-widget-image\" data-id=\"26cbe76\" data-element_type=\"widget\" data-e-type=\"widget\" data-widget_type=\"image.default\">\n\t\t\t\t<div class=\"elementor-widget-container\">\n\t\t\t\t\t\t\t\t\t\t\t\t\t\t\t<img decoding=\"async\" width=\"1024\" height=\"1024\" src=\"https:\/\/asvoe-champion.at\/wp-content\/uploads\/2026\/01\/ASVOe-Ski-champion-4-1024x1024.png\" class=\"attachment-large size-large wp-image-740\" alt=\"\" srcset=\"https:\/\/asvoe-champion.at\/wp-content\/uploads\/2026\/01\/ASVOe-Ski-champion-4-1024x1024.png 1024w, https:\/\/asvoe-champion.at\/wp-content\/uploads\/2026\/01\/ASVOe-Ski-champion-4-300x300.png 300w, https:\/\/asvoe-champion.at\/wp-content\/uploads\/2026\/01\/ASVOe-Ski-champion-4-150x150.png 150w, https:\/\/asvoe-champion.at\/wp-content\/uploads\/2026\/01\/ASVOe-Ski-champion-4-768x768.png 768w, https:\/\/asvoe-champion.at\/wp-content\/uploads\/2026\/01\/ASVOe-Ski-champion-4-600x600.png 600w, https:\/\/asvoe-champion.at\/wp-content\/uploads\/2026\/01\/ASVOe-Ski-champion-4.png 1080w\" sizes=\"(max-width: 1024px) 100vw, 1024px\" \/>\t\t\t\t\t\t\t\t\t\t\t\t\t\t\t<\/div>\n\t\t\t\t<\/div>\n\t\t\t\t\t<\/div>\n\t\t\t\t<\/div>\n\t\t\t\t<\/div>\n\t\t","protected":false},"excerpt":{"rendered":"<p>ASV\u00d6 Ski Champion\u00a0 Am 21.Februar 2026 war es wieder soweit und der Ski Champion ging mit knapp 80 Kindern in die n\u00e4chste Runde! Im Skigebiet Werfenweng konnten Kids der Jahrg\u00e4nge 2014 bis 2020 erneut ihr Bestes geben! W\u00e4hrend bei vielen Wettbewerben und Rennen die schnellste Zeit das wichtigste Ziel ist, geht es beim Ski Champion [&hellip;]<\/p>\n","protected":false},"author":1,"featured_media":0,"parent":0,"menu_order":0,"comment_status":"closed","ping_status":"closed","template":"","meta":{"footnotes":""},"class_list":["post-2","page","type-page","status-publish","hentry","entry"],"_links":{"self":[{"href":"https:\/\/asvoe-champion.at\/index.php\/wp-json\/wp\/v2\/pages\/2","targetHints":{"allow":["GET"]}}],"collection":[{"href":"https:\/\/asvoe-champion.at\/index.php\/wp-json\/wp\/v2\/pages"}],"about":[{"href":"https:\/\/asvoe-champion.at\/index.php\/wp-json\/wp\/v2\/types\/page"}],"author":[{"embeddable":true,"href":"https:\/\/asvoe-champion.at\/index.php\/wp-json\/wp\/v2\/users\/1"}],"replies":[{"embeddable":true,"href":"https:\/\/asvoe-champion.at\/index.php\/wp-json\/wp\/v2\/comments?post=2"}],"version-history":[{"count":104,"href":"https:\/\/asvoe-champion.at\/index.php\/wp-json\/wp\/v2\/pages\/2\/revisions"}],"predecessor-version":[{"id":825,"href":"https:\/\/asvoe-champion.at\/index.php\/wp-json\/wp\/v2\/pages\/2\/revisions\/825"}],"wp:attachment":[{"href":"https:\/\/asvoe-champion.at\/index.php\/wp-json\/wp\/v2\/media?parent=2"}],"curies":[{"name":"wp","href":"https:\/\/api.w.org\/{rel}","templated":true}]}}