{"id":20,"date":"2023-12-18T08:25:55","date_gmt":"2023-12-18T08:25:55","guid":{"rendered":"https:\/\/asvoe-champion.at\/?page_id=20"},"modified":"2026-04-16T18:19:09","modified_gmt":"2026-04-16T18:19:09","slug":"home","status":"publish","type":"page","link":"https:\/\/asvoe-champion.at\/","title":{"rendered":"Startseite"},"content":{"rendered":"\t\t<div data-elementor-type=\"wp-post\" data-elementor-id=\"20\" class=\"elementor elementor-20\">\n\t\t\t\t<div class=\"elementor-element elementor-element-951aac0 e-flex e-con-boxed e-con e-parent\" data-id=\"951aac0\" data-element_type=\"container\" data-e-type=\"container\">\n\t\t\t\t\t<div class=\"e-con-inner\">\n\t\t\t\t<div class=\"elementor-element elementor-element-74ea4ef elementor-widget elementor-widget-heading\" data-id=\"74ea4ef\" data-element_type=\"widget\" data-e-type=\"widget\" data-widget_type=\"heading.default\">\n\t\t\t\t<div class=\"elementor-widget-container\">\n\t\t\t\t\t<h2 class=\"elementor-heading-title elementor-size-default\">ASV\u00d6 Rad Champion<\/h2>\t\t\t\t<\/div>\n\t\t\t\t<\/div>\n\t\t\t\t\t<\/div>\n\t\t\t\t<\/div>\n\t\t<div class=\"elementor-element elementor-element-709c11c e-flex e-con-boxed e-con e-parent\" data-id=\"709c11c\" data-element_type=\"container\" data-e-type=\"container\">\n\t\t\t\t\t<div class=\"e-con-inner\">\n\t\t<div class=\"elementor-element elementor-element-c931d2a e-con-full e-flex e-con e-child\" data-id=\"c931d2a\" data-element_type=\"container\" data-e-type=\"container\">\n\t\t\t\t<div class=\"elementor-element elementor-element-ff44eed elementor-widget elementor-widget-image\" data-id=\"ff44eed\" data-element_type=\"widget\" data-e-type=\"widget\" data-widget_type=\"image.default\">\n\t\t\t\t<div class=\"elementor-widget-container\">\n\t\t\t\t\t\t\t\t\t\t\t\t\t\t\t<img fetchpriority=\"high\" decoding=\"async\" width=\"768\" height=\"529\" src=\"https:\/\/asvoe-champion.at\/wp-content\/uploads\/2024\/04\/cyclo_0009-768x529.jpg\" class=\"attachment-medium_large size-medium_large wp-image-254\" alt=\"Kinderradrennen Cyclodome 2023\" srcset=\"https:\/\/asvoe-champion.at\/wp-content\/uploads\/2024\/04\/cyclo_0009-768x529.jpg 768w, https:\/\/asvoe-champion.at\/wp-content\/uploads\/2024\/04\/cyclo_0009-300x207.jpg 300w, https:\/\/asvoe-champion.at\/wp-content\/uploads\/2024\/04\/cyclo_0009-1024x706.jpg 1024w, https:\/\/asvoe-champion.at\/wp-content\/uploads\/2024\/04\/cyclo_0009-1536x1059.jpg 1536w, https:\/\/asvoe-champion.at\/wp-content\/uploads\/2024\/04\/cyclo_0009-2048x1411.jpg 2048w\" sizes=\"(max-width: 768px) 100vw, 768px\" \/>\t\t\t\t\t\t\t\t\t\t\t\t\t\t\t<\/div>\n\t\t\t\t<\/div>\n\t\t\t\t<\/div>\n\t\t<div class=\"elementor-element elementor-element-dd9ecac e-con-full e-flex e-con e-child\" data-id=\"dd9ecac\" data-element_type=\"container\" data-e-type=\"container\">\n\t\t\t\t<div class=\"elementor-element elementor-element-71b4023 elementor-widget elementor-widget-text-editor\" data-id=\"71b4023\" data-element_type=\"widget\" data-e-type=\"widget\" data-widget_type=\"text-editor.default\">\n\t\t\t\t<div class=\"elementor-widget-container\">\n\t\t\t\t\t\t\t\t\t<p>Im Rahmen des Cycloedome haben Kinder ab U7 die M\u00f6glichkeit beim ASV\u00d6 Rad Champion, einem spannenden Rennen, mitzufahren. Dabei steht nicht der Wettbewerb im Vordergrund, sondern der Spa\u00df an der Bewegung und am gemeinsamen Erlebnis. Zum Abschluss wartet auf alle Teilnehmenden eine Verlosung mit tollen Preisen! <a href=\"https:\/\/asvoe-champion.at\/index.php\/radchampion\/\"><strong>Mehr&#8230;<\/strong><\/a><\/p>\t\t\t\t\t\t\t\t<\/div>\n\t\t\t\t<\/div>\n\t\t\t\t<\/div>\n\t\t\t\t\t<\/div>\n\t\t\t\t<\/div>\n\t\t<div class=\"elementor-element elementor-element-cffaf54 e-flex e-con-boxed e-con e-parent\" data-id=\"cffaf54\" data-element_type=\"container\" data-e-type=\"container\">\n\t\t\t\t\t<div class=\"e-con-inner\">\n\t\t\t\t<div class=\"elementor-element elementor-element-9fa563e elementor-widget elementor-widget-heading\" data-id=\"9fa563e\" data-element_type=\"widget\" data-e-type=\"widget\" data-widget_type=\"heading.default\">\n\t\t\t\t<div class=\"elementor-widget-container\">\n\t\t\t\t\t<h2 class=\"elementor-heading-title elementor-size-default\">ASV\u00d6 Sprint Champion<\/h2>\t\t\t\t<\/div>\n\t\t\t\t<\/div>\n\t\t\t\t\t<\/div>\n\t\t\t\t<\/div>\n\t\t<div class=\"elementor-element elementor-element-fbf308b e-flex e-con-boxed e-con e-parent\" data-id=\"fbf308b\" data-element_type=\"container\" data-e-type=\"container\">\n\t\t\t\t\t<div class=\"e-con-inner\">\n\t\t<div class=\"elementor-element elementor-element-52361ed e-con-full e-flex e-con e-child\" data-id=\"52361ed\" data-element_type=\"container\" data-e-type=\"container\">\n\t\t\t\t<div class=\"elementor-element elementor-element-33031e1 elementor-widget elementor-widget-text-editor\" data-id=\"33031e1\" data-element_type=\"widget\" data-e-type=\"widget\" data-widget_type=\"text-editor.default\">\n\t\t\t\t<div class=\"elementor-widget-container\">\n\t\t\t\t\t\t\t\t\t<p>Lust auf Sprinten? Einfach ausprobieren!<br \/>Beim ASV\u00d6 Sprint Champion in Kooperation mit dem Salzburger Leichtathletikverband wird jedes Kind dazu eingeladen, seine leichtathletischen F\u00e4higkeiten auf der Sprintstrecke zu testen \u2013 ganz ohne Druck. Hier geht es darum, Spa\u00df an der Bewegung zu haben und sich auszuprobieren. Mach mit und erlebe die Faszination des Sprints! <strong><a href=\"https:\/\/asvoe-champion.at\/index.php\/sprint-champion\/\">Mehr&#8230;<\/a><\/strong><\/p>\t\t\t\t\t\t\t\t<\/div>\n\t\t\t\t<\/div>\n\t\t\t\t<\/div>\n\t\t\t\t<div class=\"elementor-element elementor-element-251750f elementor-widget elementor-widget-image\" data-id=\"251750f\" data-element_type=\"widget\" data-e-type=\"widget\" data-widget_type=\"image.default\">\n\t\t\t\t<div class=\"elementor-widget-container\">\n\t\t\t\t\t\t\t\t\t\t\t\t\t\t\t<img decoding=\"async\" width=\"1024\" height=\"686\" src=\"https:\/\/asvoe-champion.at\/wp-content\/uploads\/2023\/12\/Sprintchamp-Sbg-3-1024x686.png\" class=\"attachment-large size-large wp-image-48\" alt=\"\" srcset=\"https:\/\/asvoe-champion.at\/wp-content\/uploads\/2023\/12\/Sprintchamp-Sbg-3-1024x686.png 1024w, https:\/\/asvoe-champion.at\/wp-content\/uploads\/2023\/12\/Sprintchamp-Sbg-3-300x201.png 300w, https:\/\/asvoe-champion.at\/wp-content\/uploads\/2023\/12\/Sprintchamp-Sbg-3-768x514.png 768w, https:\/\/asvoe-champion.at\/wp-content\/uploads\/2023\/12\/Sprintchamp-Sbg-3.png 1280w\" sizes=\"(max-width: 1024px) 100vw, 1024px\" \/>\t\t\t\t\t\t\t\t\t\t\t\t\t\t\t<\/div>\n\t\t\t\t<\/div>\n\t\t\t\t\t<\/div>\n\t\t\t\t<\/div>\n\t\t<div class=\"elementor-element elementor-element-1fd2410 e-flex e-con-boxed e-con e-parent\" data-id=\"1fd2410\" data-element_type=\"container\" data-e-type=\"container\">\n\t\t\t\t\t<div class=\"e-con-inner\">\n\t\t\t\t<div class=\"elementor-element elementor-element-d81f85e elementor-widget elementor-widget-heading\" data-id=\"d81f85e\" data-element_type=\"widget\" data-e-type=\"widget\" data-widget_type=\"heading.default\">\n\t\t\t\t<div class=\"elementor-widget-container\">\n\t\t\t\t\t<h2 class=\"elementor-heading-title elementor-size-default\">ASV\u00d6 Ski Champion<\/h2>\t\t\t\t<\/div>\n\t\t\t\t<\/div>\n\t\t\t\t\t<\/div>\n\t\t\t\t<\/div>\n\t\t<div class=\"elementor-element elementor-element-7c6ca1a e-flex e-con-boxed e-con e-parent\" data-id=\"7c6ca1a\" data-element_type=\"container\" data-e-type=\"container\">\n\t\t\t\t\t<div class=\"e-con-inner\">\n\t\t<div class=\"elementor-element elementor-element-f17a80d e-con-full e-flex e-con e-child\" data-id=\"f17a80d\" data-element_type=\"container\" data-e-type=\"container\">\n\t\t\t\t<div class=\"elementor-element elementor-element-48b23fd elementor-widget elementor-widget-image\" data-id=\"48b23fd\" data-element_type=\"widget\" data-e-type=\"widget\" data-widget_type=\"image.default\">\n\t\t\t\t<div class=\"elementor-widget-container\">\n\t\t\t\t\t\t\t\t\t\t\t\t\t\t\t<img decoding=\"async\" width=\"768\" height=\"512\" src=\"https:\/\/asvoe-champion.at\/wp-content\/uploads\/2023\/12\/Kind-768x512.png\" class=\"attachment-medium_large size-medium_large wp-image-26\" alt=\"Ein Kind, das ein Skirennen f\u00e4hrt\" srcset=\"https:\/\/asvoe-champion.at\/wp-content\/uploads\/2023\/12\/Kind-768x512.png 768w, https:\/\/asvoe-champion.at\/wp-content\/uploads\/2023\/12\/Kind-300x200.png 300w, https:\/\/asvoe-champion.at\/wp-content\/uploads\/2023\/12\/Kind-1024x683.png 1024w, https:\/\/asvoe-champion.at\/wp-content\/uploads\/2023\/12\/Kind.png 1280w\" sizes=\"(max-width: 768px) 100vw, 768px\" \/>\t\t\t\t\t\t\t\t\t\t\t\t\t\t\t<\/div>\n\t\t\t\t<\/div>\n\t\t\t\t<\/div>\n\t\t<div class=\"elementor-element elementor-element-02a7c6b e-con-full e-flex e-con e-child\" data-id=\"02a7c6b\" data-element_type=\"container\" data-e-type=\"container\">\n\t\t\t\t<div class=\"elementor-element elementor-element-e65d6f4 elementor-widget elementor-widget-text-editor\" data-id=\"e65d6f4\" data-element_type=\"widget\" data-e-type=\"widget\" data-widget_type=\"text-editor.default\">\n\t\t\t\t<div class=\"elementor-widget-container\">\n\t\t\t\t\t\t\t\t\t<p>W\u00e4hrend bei vielen Wettbewerben und Rennen die schnellste Zeit das wichtigste Ziel ist, geht es beim ASV\u00d6 Ski Champion um den Spa\u00df am Skifahren ohne Platzierungen. Kinder der Jahrg\u00e4nge 2014-2020 k\u00f6nnen dabei an diesem Tag bei einem Riesentorlauf ihr K\u00f6nnen zeigen und ihr pers\u00f6nlich Bestes geben. Dabei wird die Zeit zwar gemessen, allerdings gibt es keine ausgewiesenen Platzierungen. <strong><a href=\"https:\/\/asvoe-champion.at\/index.php\/2024\/11\/04\/ski-champion-2025\/\">Mehr&#8230;<\/a><\/strong><\/p>\t\t\t\t\t\t\t\t<\/div>\n\t\t\t\t<\/div>\n\t\t\t\t<\/div>\n\t\t\t\t\t<\/div>\n\t\t\t\t<\/div>\n\t\t<div class=\"elementor-element elementor-element-1cf81c74 e-grid e-con-boxed e-con e-parent\" data-id=\"1cf81c74\" data-element_type=\"container\" data-e-type=\"container\" data-settings=\"{&quot;background_background&quot;:&quot;classic&quot;}\">\n\t\t\t\t\t<div class=\"e-con-inner\">\n\t\t\t\t<div class=\"elementor-element elementor-element-45d1b19f elementor-widget elementor-widget-image\" data-id=\"45d1b19f\" data-element_type=\"widget\" data-e-type=\"widget\" data-widget_type=\"image.default\">\n\t\t\t\t<div class=\"elementor-widget-container\">\n\t\t\t\t\t\t\t\t\t\t\t\t\t\t\t\t<a href=\"https:\/\/www.head.com\/de_AT\/\" target=\"_blank\">\n\t\t\t\t\t\t\t<img loading=\"lazy\" decoding=\"async\" width=\"300\" height=\"45\" src=\"https:\/\/asvoe-champion.at\/wp-content\/uploads\/2024\/01\/HEAD_wordmark_pos-300x45.png\" class=\"attachment-medium size-medium wp-image-93\" alt=\"Head\" srcset=\"https:\/\/asvoe-champion.at\/wp-content\/uploads\/2024\/01\/HEAD_wordmark_pos-300x45.png 300w, https:\/\/asvoe-champion.at\/wp-content\/uploads\/2024\/01\/HEAD_wordmark_pos-1024x155.png 1024w, https:\/\/asvoe-champion.at\/wp-content\/uploads\/2024\/01\/HEAD_wordmark_pos-768x116.png 768w, https:\/\/asvoe-champion.at\/wp-content\/uploads\/2024\/01\/HEAD_wordmark_pos-1536x233.png 1536w, https:\/\/asvoe-champion.at\/wp-content\/uploads\/2024\/01\/HEAD_wordmark_pos-2048x310.png 2048w\" sizes=\"(max-width: 300px) 100vw, 300px\" \/>\t\t\t\t\t\t\t\t<\/a>\n\t\t\t\t\t\t\t\t\t\t\t\t\t\t\t<\/div>\n\t\t\t\t<\/div>\n\t\t\t\t<div class=\"elementor-element elementor-element-41b5fb40 elementor-widget elementor-widget-image\" data-id=\"41b5fb40\" data-element_type=\"widget\" data-e-type=\"widget\" data-widget_type=\"image.default\">\n\t\t\t\t<div class=\"elementor-widget-container\">\n\t\t\t\t\t\t\t\t\t\t\t\t\t\t\t\t<a href=\"https:\/\/www.sn.at\/\" target=\"_blank\">\n\t\t\t\t\t\t\t<img loading=\"lazy\" decoding=\"async\" width=\"300\" height=\"41\" src=\"https:\/\/asvoe-champion.at\/wp-content\/uploads\/2024\/01\/Salzburger_Nachrichten_Logo.svg_-300x41.png\" class=\"attachment-medium size-medium wp-image-97\" alt=\"Salzburger Nachrichten\" srcset=\"https:\/\/asvoe-champion.at\/wp-content\/uploads\/2024\/01\/Salzburger_Nachrichten_Logo.svg_-300x41.png 300w, https:\/\/asvoe-champion.at\/wp-content\/uploads\/2024\/01\/Salzburger_Nachrichten_Logo.svg_-1024x141.png 1024w, https:\/\/asvoe-champion.at\/wp-content\/uploads\/2024\/01\/Salzburger_Nachrichten_Logo.svg_-768x106.png 768w, https:\/\/asvoe-champion.at\/wp-content\/uploads\/2024\/01\/Salzburger_Nachrichten_Logo.svg_.png 1200w\" sizes=\"(max-width: 300px) 100vw, 300px\" \/>\t\t\t\t\t\t\t\t<\/a>\n\t\t\t\t\t\t\t\t\t\t\t\t\t\t\t<\/div>\n\t\t\t\t<\/div>\n\t\t\t\t<div class=\"elementor-element elementor-element-370bebf elementor-widget elementor-widget-image\" data-id=\"370bebf\" data-element_type=\"widget\" data-e-type=\"widget\" data-widget_type=\"image.default\">\n\t\t\t\t<div class=\"elementor-widget-container\">\n\t\t\t\t\t\t\t\t\t\t\t\t\t\t\t\t<a href=\"https:\/\/www.raiffeisen.at\/rvs\/de\/privatkunden.html\" target=\"_blank\">\n\t\t\t\t\t\t\t<img loading=\"lazy\" decoding=\"async\" width=\"300\" height=\"117\" src=\"https:\/\/asvoe-champion.at\/wp-content\/uploads\/2024\/01\/Logo-Raiffeisen-Salzburg.png\" class=\"attachment-medium size-medium wp-image-130\" alt=\"\" \/>\t\t\t\t\t\t\t\t<\/a>\n\t\t\t\t\t\t\t\t\t\t\t\t\t\t\t<\/div>\n\t\t\t\t<\/div>\n\t\t\t\t<div class=\"elementor-element elementor-element-fa40374 elementor-widget elementor-widget-image\" data-id=\"fa40374\" data-element_type=\"widget\" data-e-type=\"widget\" data-widget_type=\"image.default\">\n\t\t\t\t<div class=\"elementor-widget-container\">\n\t\t\t\t\t\t\t\t\t\t\t\t\t\t\t\t<a href=\"https:\/\/www.blizzard-tecnica.com\/at\/de\" target=\"_blank\">\n\t\t\t\t\t\t\t<img loading=\"lazy\" decoding=\"async\" width=\"768\" height=\"125\" src=\"https:\/\/asvoe-champion.at\/wp-content\/uploads\/2024\/01\/Blizzard_Tecnica_Logo_CMYK_Seite_1-768x125.jpg\" class=\"attachment-medium_large size-medium_large wp-image-90\" alt=\"Blizzard Tecnica\" srcset=\"https:\/\/asvoe-champion.at\/wp-content\/uploads\/2024\/01\/Blizzard_Tecnica_Logo_CMYK_Seite_1-768x125.jpg 768w, https:\/\/asvoe-champion.at\/wp-content\/uploads\/2024\/01\/Blizzard_Tecnica_Logo_CMYK_Seite_1-300x49.jpg 300w, https:\/\/asvoe-champion.at\/wp-content\/uploads\/2024\/01\/Blizzard_Tecnica_Logo_CMYK_Seite_1-1024x167.jpg 1024w, https:\/\/asvoe-champion.at\/wp-content\/uploads\/2024\/01\/Blizzard_Tecnica_Logo_CMYK_Seite_1-1536x251.jpg 1536w, https:\/\/asvoe-champion.at\/wp-content\/uploads\/2024\/01\/Blizzard_Tecnica_Logo_CMYK_Seite_1-2048x335.jpg 2048w\" sizes=\"(max-width: 768px) 100vw, 768px\" \/>\t\t\t\t\t\t\t\t<\/a>\n\t\t\t\t\t\t\t\t\t\t\t\t\t\t\t<\/div>\n\t\t\t\t<\/div>\n\t\t\t\t<div class=\"elementor-element elementor-element-459f83a elementor-widget elementor-widget-image\" data-id=\"459f83a\" data-element_type=\"widget\" data-e-type=\"widget\" data-widget_type=\"image.default\">\n\t\t\t\t<div class=\"elementor-widget-container\">\n\t\t\t\t\t\t\t\t\t\t\t\t\t\t\t\t<a href=\"https:\/\/www.onewaysport.com\/de_de\/\" target=\"_blank\">\n\t\t\t\t\t\t\t<img loading=\"lazy\" decoding=\"async\" width=\"312\" height=\"99\" src=\"https:\/\/asvoe-champion.at\/wp-content\/uploads\/2024\/01\/oneway.jpg\" class=\"attachment-large size-large wp-image-95\" alt=\"oneway\" srcset=\"https:\/\/asvoe-champion.at\/wp-content\/uploads\/2024\/01\/oneway.jpg 312w, https:\/\/asvoe-champion.at\/wp-content\/uploads\/2024\/01\/oneway-300x95.jpg 300w\" sizes=\"(max-width: 312px) 100vw, 312px\" \/>\t\t\t\t\t\t\t\t<\/a>\n\t\t\t\t\t\t\t\t\t\t\t\t\t\t\t<\/div>\n\t\t\t\t<\/div>\n\t\t\t\t<div class=\"elementor-element elementor-element-51728a46 elementor-widget elementor-widget-image\" data-id=\"51728a46\" data-element_type=\"widget\" data-e-type=\"widget\" data-widget_type=\"image.default\">\n\t\t\t\t<div class=\"elementor-widget-container\">\n\t\t\t\t\t\t\t\t\t\t\t\t\t\t\t\t<a href=\"https:\/\/www.atomic.com\/de-at\" target=\"_blank\">\n\t\t\t\t\t\t\t<img loading=\"lazy\" decoding=\"async\" width=\"300\" height=\"84\" src=\"https:\/\/asvoe-champion.at\/wp-content\/uploads\/2024\/01\/Atomic-300x84.png\" class=\"attachment-medium size-medium wp-image-89\" alt=\"Atomic\" srcset=\"https:\/\/asvoe-champion.at\/wp-content\/uploads\/2024\/01\/Atomic-300x84.png 300w, https:\/\/asvoe-champion.at\/wp-content\/uploads\/2024\/01\/Atomic-1024x286.png 1024w, https:\/\/asvoe-champion.at\/wp-content\/uploads\/2024\/01\/Atomic-768x215.png 768w, https:\/\/asvoe-champion.at\/wp-content\/uploads\/2024\/01\/Atomic-1536x430.png 1536w, https:\/\/asvoe-champion.at\/wp-content\/uploads\/2024\/01\/Atomic-2048x573.png 2048w\" sizes=\"(max-width: 300px) 100vw, 300px\" \/>\t\t\t\t\t\t\t\t<\/a>\n\t\t\t\t\t\t\t\t\t\t\t\t\t\t\t<\/div>\n\t\t\t\t<\/div>\n\t\t\t\t<div class=\"elementor-element elementor-element-57f14c11 elementor-widget elementor-widget-image\" data-id=\"57f14c11\" data-element_type=\"widget\" data-e-type=\"widget\" data-widget_type=\"image.default\">\n\t\t\t\t<div class=\"elementor-widget-container\">\n\t\t\t\t\t\t\t\t\t\t\t\t\t\t\t\t<a href=\"https:\/\/www.rossignol.com\/at-de\/\" target=\"_blank\">\n\t\t\t\t\t\t\t<img loading=\"lazy\" decoding=\"async\" width=\"150\" height=\"150\" src=\"https:\/\/asvoe-champion.at\/wp-content\/uploads\/2024\/01\/Rossignol-150x150.png\" class=\"attachment-thumbnail size-thumbnail wp-image-96\" alt=\"Rossignol\" srcset=\"https:\/\/asvoe-champion.at\/wp-content\/uploads\/2024\/01\/Rossignol-150x150.png 150w, https:\/\/asvoe-champion.at\/wp-content\/uploads\/2024\/01\/Rossignol-300x300.png 300w, https:\/\/asvoe-champion.at\/wp-content\/uploads\/2024\/01\/Rossignol-600x600.png 600w, https:\/\/asvoe-champion.at\/wp-content\/uploads\/2024\/01\/Rossignol.png 688w\" sizes=\"(max-width: 150px) 100vw, 150px\" \/>\t\t\t\t\t\t\t\t<\/a>\n\t\t\t\t\t\t\t\t\t\t\t\t\t\t\t<\/div>\n\t\t\t\t<\/div>\n\t\t\t\t<div class=\"elementor-element elementor-element-663989fc elementor-widget elementor-widget-image\" data-id=\"663989fc\" data-element_type=\"widget\" data-e-type=\"widget\" data-widget_type=\"image.default\">\n\t\t\t\t<div class=\"elementor-widget-container\">\n\t\t\t\t\t\t\t\t\t\t\t\t\t\t\t\t<a href=\"https:\/\/kaestle.com\/\" target=\"_blank\">\n\t\t\t\t\t\t\t<img loading=\"lazy\" decoding=\"async\" width=\"300\" height=\"30\" src=\"https:\/\/asvoe-champion.at\/wp-content\/uploads\/2024\/01\/kaestle_logo_schwarz_PDF-300x30.jpg\" class=\"attachment-medium size-medium wp-image-94\" alt=\"Kaestle\" srcset=\"https:\/\/asvoe-champion.at\/wp-content\/uploads\/2024\/01\/kaestle_logo_schwarz_PDF-300x30.jpg 300w, https:\/\/asvoe-champion.at\/wp-content\/uploads\/2024\/01\/kaestle_logo_schwarz_PDF-1024x102.jpg 1024w, https:\/\/asvoe-champion.at\/wp-content\/uploads\/2024\/01\/kaestle_logo_schwarz_PDF-768x76.jpg 768w, https:\/\/asvoe-champion.at\/wp-content\/uploads\/2024\/01\/kaestle_logo_schwarz_PDF-1536x152.jpg 1536w, https:\/\/asvoe-champion.at\/wp-content\/uploads\/2024\/01\/kaestle_logo_schwarz_PDF-2048x203.jpg 2048w\" sizes=\"(max-width: 300px) 100vw, 300px\" \/>\t\t\t\t\t\t\t\t<\/a>\n\t\t\t\t\t\t\t\t\t\t\t\t\t\t\t<\/div>\n\t\t\t\t<\/div>\n\t\t\t\t<div class=\"elementor-element elementor-element-5507d7c0 elementor-widget elementor-widget-image\" data-id=\"5507d7c0\" data-element_type=\"widget\" data-e-type=\"widget\" data-widget_type=\"image.default\">\n\t\t\t\t<div class=\"elementor-widget-container\">\n\t\t\t\t\t\t\t\t\t\t\t\t\t\t\t\t<a href=\"https:\/\/www.fischersports.com\/de_de\/\" target=\"_blank\">\n\t\t\t\t\t\t\t<img loading=\"lazy\" decoding=\"async\" width=\"300\" height=\"300\" src=\"https:\/\/asvoe-champion.at\/wp-content\/uploads\/2024\/01\/Fischer-300x300.jpg\" class=\"attachment-medium size-medium wp-image-92\" alt=\"Fischer\" srcset=\"https:\/\/asvoe-champion.at\/wp-content\/uploads\/2024\/01\/Fischer-300x300.jpg 300w, https:\/\/asvoe-champion.at\/wp-content\/uploads\/2024\/01\/Fischer-1024x1024.jpg 1024w, https:\/\/asvoe-champion.at\/wp-content\/uploads\/2024\/01\/Fischer-150x150.jpg 150w, https:\/\/asvoe-champion.at\/wp-content\/uploads\/2024\/01\/Fischer-768x768.jpg 768w, https:\/\/asvoe-champion.at\/wp-content\/uploads\/2024\/01\/Fischer-600x600.jpg 600w, https:\/\/asvoe-champion.at\/wp-content\/uploads\/2024\/01\/Fischer.jpg 1181w\" sizes=\"(max-width: 300px) 100vw, 300px\" \/>\t\t\t\t\t\t\t\t<\/a>\n\t\t\t\t\t\t\t\t\t\t\t\t\t\t\t<\/div>\n\t\t\t\t<\/div>\n\t\t\t\t<div class=\"elementor-element elementor-element-2732c6ed elementor-widget elementor-widget-image\" data-id=\"2732c6ed\" data-element_type=\"widget\" data-e-type=\"widget\" data-widget_type=\"image.default\">\n\t\t\t\t<div class=\"elementor-widget-container\">\n\t\t\t\t\t\t\t\t\t\t\t\t\t\t\t\t<a href=\"https:\/\/volkl.com\/de-at\/\" target=\"_blank\">\n\t\t\t\t\t\t\t<img loading=\"lazy\" decoding=\"async\" width=\"300\" height=\"62\" src=\"https:\/\/asvoe-champion.at\/wp-content\/uploads\/2024\/01\/VOELKL_H_K_RGB-300x62.png\" class=\"attachment-medium size-medium wp-image-98\" alt=\"Voelkl\" srcset=\"https:\/\/asvoe-champion.at\/wp-content\/uploads\/2024\/01\/VOELKL_H_K_RGB-300x62.png 300w, https:\/\/asvoe-champion.at\/wp-content\/uploads\/2024\/01\/VOELKL_H_K_RGB-1024x210.png 1024w, https:\/\/asvoe-champion.at\/wp-content\/uploads\/2024\/01\/VOELKL_H_K_RGB-768x158.png 768w, https:\/\/asvoe-champion.at\/wp-content\/uploads\/2024\/01\/VOELKL_H_K_RGB-1536x316.png 1536w, https:\/\/asvoe-champion.at\/wp-content\/uploads\/2024\/01\/VOELKL_H_K_RGB-2048x421.png 2048w\" sizes=\"(max-width: 300px) 100vw, 300px\" \/>\t\t\t\t\t\t\t\t<\/a>\n\t\t\t\t\t\t\t\t\t\t\t\t\t\t\t<\/div>\n\t\t\t\t<\/div>\n\t\t\t\t<div class=\"elementor-element elementor-element-db13fcf elementor-widget elementor-widget-image\" data-id=\"db13fcf\" data-element_type=\"widget\" data-e-type=\"widget\" data-widget_type=\"image.default\">\n\t\t\t\t<div class=\"elementor-widget-container\">\n\t\t\t\t\t\t\t\t\t\t\t\t\t\t\t\t<a href=\"https:\/\/www.snow-space.com\/de\/winter\" target=\"_blank\">\n\t\t\t\t\t\t\t<img loading=\"lazy\" decoding=\"async\" width=\"150\" height=\"150\" src=\"https:\/\/asvoe-champion.at\/wp-content\/uploads\/2024\/01\/SnowSpaceSalzburg_Logo_RGB-150x150.png\" class=\"attachment-thumbnail size-thumbnail wp-image-131\" alt=\"\" srcset=\"https:\/\/asvoe-champion.at\/wp-content\/uploads\/2024\/01\/SnowSpaceSalzburg_Logo_RGB-150x150.png 150w, https:\/\/asvoe-champion.at\/wp-content\/uploads\/2024\/01\/SnowSpaceSalzburg_Logo_RGB-300x300.png 300w, https:\/\/asvoe-champion.at\/wp-content\/uploads\/2024\/01\/SnowSpaceSalzburg_Logo_RGB-1024x1024.png 1024w, https:\/\/asvoe-champion.at\/wp-content\/uploads\/2024\/01\/SnowSpaceSalzburg_Logo_RGB-768x768.png 768w, https:\/\/asvoe-champion.at\/wp-content\/uploads\/2024\/01\/SnowSpaceSalzburg_Logo_RGB-600x600.png 600w, https:\/\/asvoe-champion.at\/wp-content\/uploads\/2024\/01\/SnowSpaceSalzburg_Logo_RGB.png 1537w\" sizes=\"(max-width: 150px) 100vw, 150px\" \/>\t\t\t\t\t\t\t\t<\/a>\n\t\t\t\t\t\t\t\t\t\t\t\t\t\t\t<\/div>\n\t\t\t\t<\/div>\n\t\t\t\t\t<\/div>\n\t\t\t\t<\/div>\n\t\t<div class=\"elementor-element elementor-element-ab48539 e-flex e-con-boxed e-con e-parent\" data-id=\"ab48539\" data-element_type=\"container\" data-e-type=\"container\">\n\t\t\t\t\t<div class=\"e-con-inner\">\n\t\t\t\t\t<\/div>\n\t\t\t\t<\/div>\n\t\t<div class=\"elementor-element elementor-element-5f53d9c e-flex e-con-boxed e-con e-parent\" data-id=\"5f53d9c\" data-element_type=\"container\" data-e-type=\"container\">\n\t\t\t\t\t<div class=\"e-con-inner\">\n\t\t\t\t\t<\/div>\n\t\t\t\t<\/div>\n\t\t\t\t<\/div>\n\t\t","protected":false},"excerpt":{"rendered":"<p>ASV\u00d6 Rad Champion Im Rahmen des Cycloedome haben Kinder ab U7 die M\u00f6glichkeit beim ASV\u00d6 Rad Champion, einem spannenden Rennen, mitzufahren. Dabei steht nicht der Wettbewerb im Vordergrund, sondern der Spa\u00df an der Bewegung und am gemeinsamen Erlebnis. Zum Abschluss wartet auf alle Teilnehmenden eine Verlosung mit tollen Preisen! Mehr&#8230; ASV\u00d6 Sprint Champion Lust auf [&hellip;]<\/p>\n","protected":false},"author":1,"featured_media":0,"parent":0,"menu_order":0,"comment_status":"closed","ping_status":"closed","template":"","meta":{"footnotes":""},"class_list":["post-20","page","type-page","status-publish","hentry","entry"],"_links":{"self":[{"href":"https:\/\/asvoe-champion.at\/index.php\/wp-json\/wp\/v2\/pages\/20","targetHints":{"allow":["GET"]}}],"collection":[{"href":"https:\/\/asvoe-champion.at\/index.php\/wp-json\/wp\/v2\/pages"}],"about":[{"href":"https:\/\/asvoe-champion.at\/index.php\/wp-json\/wp\/v2\/types\/page"}],"author":[{"embeddable":true,"href":"https:\/\/asvoe-champion.at\/index.php\/wp-json\/wp\/v2\/users\/1"}],"replies":[{"embeddable":true,"href":"https:\/\/asvoe-champion.at\/index.php\/wp-json\/wp\/v2\/comments?post=20"}],"version-history":[{"count":141,"href":"https:\/\/asvoe-champion.at\/index.php\/wp-json\/wp\/v2\/pages\/20\/revisions"}],"predecessor-version":[{"id":819,"href":"https:\/\/asvoe-champion.at\/index.php\/wp-json\/wp\/v2\/pages\/20\/revisions\/819"}],"wp:attachment":[{"href":"https:\/\/asvoe-champion.at\/index.php\/wp-json\/wp\/v2\/media?parent=20"}],"curies":[{"name":"wp","href":"https:\/\/api.w.org\/{rel}","templated":true}]}}