{"id":49,"date":"2023-12-18T09:11:26","date_gmt":"2023-12-18T09:11:26","guid":{"rendered":"https:\/\/asvoe-champion.at\/?page_id=49"},"modified":"2026-04-09T14:17:14","modified_gmt":"2026-04-09T14:17:14","slug":"sprint-champion","status":"publish","type":"page","link":"https:\/\/asvoe-champion.at\/index.php\/sprint-champion\/","title":{"rendered":"Sprint Champion"},"content":{"rendered":"\t\t<div data-elementor-type=\"wp-page\" data-elementor-id=\"49\" class=\"elementor elementor-49\">\n\t\t\t\t<div class=\"elementor-element elementor-element-7d8dbb3 e-flex e-con-boxed e-con e-parent\" data-id=\"7d8dbb3\" data-element_type=\"container\" data-e-type=\"container\">\n\t\t\t\t\t<div class=\"e-con-inner\">\n\t\t\t\t<div class=\"elementor-element elementor-element-644479b elementor-widget elementor-widget-heading\" data-id=\"644479b\" data-element_type=\"widget\" data-e-type=\"widget\" data-widget_type=\"heading.default\">\n\t\t\t\t<div class=\"elementor-widget-container\">\n\t\t\t\t\t<h2 class=\"elementor-heading-title elementor-size-default\">ASV\u00d6 Sprint Champion 2025<\/h2>\t\t\t\t<\/div>\n\t\t\t\t<\/div>\n\t\t\t\t<div class=\"elementor-element elementor-element-b3b5b5c elementor-widget elementor-widget-image\" data-id=\"b3b5b5c\" data-element_type=\"widget\" data-e-type=\"widget\" data-widget_type=\"image.default\">\n\t\t\t\t<div class=\"elementor-widget-container\">\n\t\t\t\t\t\t\t\t\t\t\t\t\t\t\t<img fetchpriority=\"high\" decoding=\"async\" width=\"1024\" height=\"340\" src=\"https:\/\/asvoe-champion.at\/wp-content\/uploads\/2023\/12\/Sprintchamp-Sbg-7-1024x340.png\" class=\"attachment-large size-large wp-image-51\" alt=\"Kind sprintet auf Laufstrecke\" srcset=\"https:\/\/asvoe-champion.at\/wp-content\/uploads\/2023\/12\/Sprintchamp-Sbg-7-1024x340.png 1024w, https:\/\/asvoe-champion.at\/wp-content\/uploads\/2023\/12\/Sprintchamp-Sbg-7-300x100.png 300w, https:\/\/asvoe-champion.at\/wp-content\/uploads\/2023\/12\/Sprintchamp-Sbg-7-768x255.png 768w, https:\/\/asvoe-champion.at\/wp-content\/uploads\/2023\/12\/Sprintchamp-Sbg-7.png 1280w\" sizes=\"(max-width: 1024px) 100vw, 1024px\" \/>\t\t\t\t\t\t\t\t\t\t\t\t\t\t\t<\/div>\n\t\t\t\t<\/div>\n\t\t\t\t\t<\/div>\n\t\t\t\t<\/div>\n\t\t<div class=\"elementor-element elementor-element-f8f1c4d e-flex e-con-boxed e-con e-parent\" data-id=\"f8f1c4d\" data-element_type=\"container\" data-e-type=\"container\">\n\t\t\t\t\t<div class=\"e-con-inner\">\n\t\t<div class=\"elementor-element elementor-element-03e1d20 e-con-full e-flex e-con e-child\" data-id=\"03e1d20\" data-element_type=\"container\" data-e-type=\"container\">\n\t\t\t\t<div class=\"elementor-element elementor-element-a795791 elementor-widget elementor-widget-text-editor\" data-id=\"a795791\" data-element_type=\"widget\" data-e-type=\"widget\" data-widget_type=\"text-editor.default\">\n\t\t\t\t<div class=\"elementor-widget-container\">\n\t\t\t\t\t\t\t\t\t<p>Der ASV\u00d6 Sprint Champion in Kooperation mit dem Salzburger Leichtathletikverband ist zur\u00fcck! Das <u>Ziel<\/u> bleibt gleich: \u00a0Spa\u00df an der Bewegung, ohne Druck und ohne Wettkampfgedanken. Bei unserer Station kann jedes Kind spontan vorbeikommen und lossprinten \u2013 ganz ohne Anmeldung.\u00a0<\/p><p data-start=\"138\" data-end=\"471\">Am 16. Mai und 12. September 2026 verwandeln sich der Volksgarten Salzburg sowie der Residenzplatz bei der \u201eBunten Sportpalette\u201c und dem &#8222;Tag des Sports&#8220; in vielf\u00e4ltige Bewegungsparadiese. Von 12:00 bis 19:00 Uhr k\u00f6nnen Kinder an zahlreichen spannenden Stationen ihre sportlichen F\u00e4higkeiten ausprobieren \u2013 eine davon wird der Sprint Champion sein.<\/p><p data-start=\"473\" data-end=\"1022\"><strong data-start=\"473\" data-end=\"508\">So funktioniert unsere Station:<\/strong><br data-start=\"508\" data-end=\"511\" \/><img decoding=\"async\" class=\"emoji\" role=\"img\" draggable=\"false\" src=\"https:\/\/s.w.org\/images\/core\/emoji\/17.0.2\/svg\/2714.svg\" alt=\"\u2714\" \/> Jedes Kind kann beliebig oft einen 30-Meter-Sprint absolvieren. Die Zeit wird zwar gemessen, aber nicht gespeichert oder durchgesagt \u2013 hier steht der Spa\u00df am Laufen im Vordergrund.<br data-start=\"699\" data-end=\"702\" \/><img decoding=\"async\" class=\"emoji\" role=\"img\" draggable=\"false\" src=\"https:\/\/s.w.org\/images\/core\/emoji\/17.0.2\/svg\/2714.svg\" alt=\"\u2714\" \/> Laufschul-Einheiten und Aufw\u00e4rmrunden sorgen f\u00fcr eine optimale Vorbereitung und zus\u00e4tzliche Bewegung.<br data-start=\"805\" data-end=\"808\" \/><img decoding=\"async\" class=\"emoji\" role=\"img\" draggable=\"false\" src=\"https:\/\/s.w.org\/images\/core\/emoji\/17.0.2\/svg\/2714.svg\" alt=\"\u2714\" \/> Expertinnen und Experten des Salzburger Leichtathletikverbands (SLV) stehen mit wertvollen Tipps zur Seite und unterst\u00fctzen die Kinder beim Laufen.<\/p><p data-start=\"1024\" data-end=\"1116\">Komm vorbei, probiere es aus und werde Teil des Sprint Champions. Wir freuen uns auf dich!<\/p><p data-start=\"1024\" data-end=\"1116\">Weitere Informationen zur Bunten Sportpalette gibt es hier:\u00a0<a href=\"https:\/\/salzburg-marathon.at\/de\/informationen\/bunte-sportpalette\/\">https:\/\/salzburg-marathon.at\/de\/informationen\/bunte-sportpalette\/<\/a><\/p>\t\t\t\t\t\t\t\t<\/div>\n\t\t\t\t<\/div>\n\t\t\t\t<\/div>\n\t\t\t\t\t<\/div>\n\t\t\t\t<\/div>\n\t\t<div class=\"elementor-element elementor-element-63d5873 e-flex e-con-boxed e-con e-parent\" data-id=\"63d5873\" data-element_type=\"container\" data-e-type=\"container\">\n\t\t\t\t\t<div class=\"e-con-inner\">\n\t\t\t\t<div class=\"elementor-element elementor-element-dff02e8 elementor-widget elementor-widget-image\" data-id=\"dff02e8\" data-element_type=\"widget\" data-e-type=\"widget\" data-widget_type=\"image.default\">\n\t\t\t\t<div class=\"elementor-widget-container\">\n\t\t\t\t\t\t\t\t\t\t\t\t\t\t\t<img decoding=\"async\" width=\"1080\" height=\"1080\" src=\"https:\/\/asvoe-champion.at\/wp-content\/uploads\/2025\/02\/ASVOe-Ski-champion-2.png\" class=\"attachment-2048x2048 size-2048x2048 wp-image-636\" alt=\"\" srcset=\"https:\/\/asvoe-champion.at\/wp-content\/uploads\/2025\/02\/ASVOe-Ski-champion-2.png 1080w, https:\/\/asvoe-champion.at\/wp-content\/uploads\/2025\/02\/ASVOe-Ski-champion-2-300x300.png 300w, https:\/\/asvoe-champion.at\/wp-content\/uploads\/2025\/02\/ASVOe-Ski-champion-2-1024x1024.png 1024w, https:\/\/asvoe-champion.at\/wp-content\/uploads\/2025\/02\/ASVOe-Ski-champion-2-150x150.png 150w, https:\/\/asvoe-champion.at\/wp-content\/uploads\/2025\/02\/ASVOe-Ski-champion-2-768x768.png 768w, https:\/\/asvoe-champion.at\/wp-content\/uploads\/2025\/02\/ASVOe-Ski-champion-2-600x600.png 600w\" sizes=\"(max-width: 1080px) 100vw, 1080px\" \/>\t\t\t\t\t\t\t\t\t\t\t\t\t\t\t<\/div>\n\t\t\t\t<\/div>\n\t\t\t\t\t<\/div>\n\t\t\t\t<\/div>\n\t\t\t\t<\/div>\n\t\t","protected":false},"excerpt":{"rendered":"<p>ASV\u00d6 Sprint Champion 2025 Der ASV\u00d6 Sprint Champion in Kooperation mit dem Salzburger Leichtathletikverband ist zur\u00fcck! Das Ziel bleibt gleich: \u00a0Spa\u00df an der Bewegung, ohne Druck und ohne Wettkampfgedanken. Bei unserer Station kann jedes Kind spontan vorbeikommen und lossprinten \u2013 ganz ohne Anmeldung.\u00a0 Am 16. Mai und 12. September 2026 verwandeln sich der Volksgarten Salzburg [&hellip;]<\/p>\n","protected":false},"author":1,"featured_media":0,"parent":0,"menu_order":0,"comment_status":"closed","ping_status":"closed","template":"","meta":{"footnotes":""},"class_list":["post-49","page","type-page","status-publish","hentry","entry"],"_links":{"self":[{"href":"https:\/\/asvoe-champion.at\/index.php\/wp-json\/wp\/v2\/pages\/49","targetHints":{"allow":["GET"]}}],"collection":[{"href":"https:\/\/asvoe-champion.at\/index.php\/wp-json\/wp\/v2\/pages"}],"about":[{"href":"https:\/\/asvoe-champion.at\/index.php\/wp-json\/wp\/v2\/types\/page"}],"author":[{"embeddable":true,"href":"https:\/\/asvoe-champion.at\/index.php\/wp-json\/wp\/v2\/users\/1"}],"replies":[{"embeddable":true,"href":"https:\/\/asvoe-champion.at\/index.php\/wp-json\/wp\/v2\/comments?post=49"}],"version-history":[{"count":24,"href":"https:\/\/asvoe-champion.at\/index.php\/wp-json\/wp\/v2\/pages\/49\/revisions"}],"predecessor-version":[{"id":816,"href":"https:\/\/asvoe-champion.at\/index.php\/wp-json\/wp\/v2\/pages\/49\/revisions\/816"}],"wp:attachment":[{"href":"https:\/\/asvoe-champion.at\/index.php\/wp-json\/wp\/v2\/media?parent=49"}],"curies":[{"name":"wp","href":"https:\/\/api.w.org\/{rel}","templated":true}]}}